{"id":3752,"date":"2024-09-27T08:07:26","date_gmt":"2024-09-27T12:07:26","guid":{"rendered":"https:\/\/chocolatecortes.com\/?post_type=product&#038;p=3752"},"modified":"2026-04-01T12:20:42","modified_gmt":"2026-04-01T16:20:42","slug":"chocolate-cortes-premium-waffle-milk","status":"publish","type":"product","link":"https:\/\/chocolatecortes.com\/en\/product\/chocolate-cortes-premium-waffle-milk\/","title":{"rendered":"Chocolate Cort\u00e9s Premium Waffle Milk"},"content":{"rendered":"<pre id=\"tw-target-text\" class=\"tw-data-text tw-text-large tw-ta\" dir=\"ltr\" data-placeholder=\"Translation\"><span class=\"Y2IQFc\" lang=\"en\">Silky milk chocolate bars.<\/span><\/pre>\n","protected":false},"excerpt":{"rendered":"<p>Satisfy your sweet cravings with our Chocolate Cort\u00e9s Premium Waffle Milk Chocolate bar. Made with creamy, rich milk chocolate and crunchy waffle pieces, this bar delivers the perfect combination of smoothness and texture. Crafted with 100% Caribbean cacao, each bite offers a delightful crunch followed by a melt-in-your-mouth finish. Indulge in a premium chocolate experience like no other.<\/p>\n","protected":false},"featured_media":3747,"template":"","meta":[],"product_brand":[],"product_cat":[69,17],"product_tag":[81,45,114],"class_list":{"0":"post-3752","1":"product","2":"type-product","3":"status-publish","4":"has-post-thumbnail","6":"product_cat-candy","7":"product_cat-cortes-chocolates","8":"product_tag-featured-cortes","9":"product_tag-premium-chocolate","10":"product_tag-recaudaconcortes","12":"first","13":"instock","14":"featured","15":"taxable","16":"shipping-taxable","17":"purchasable","18":"product-type-variable"},"bundled_by":["3383","3949","4835"],"bundle_stock_status":"instock","bundle_stock_quantity":null,"bundle_virtual":false,"bundle_layout":"","bundle_add_to_cart_form_location":"","bundle_editable_in_cart":false,"bundle_sold_individually_context":"","bundle_item_grouping":"","bundle_min_size":"","bundle_max_size":"","bundle_price":[],"bundled_items":[],"bundle_sell_ids":[],"supplier_id":null,"supplier_sku":"","barcode":null,"atum_controlled":true,"out_stock_date":null,"out_stock_threshold":null,"inheritable":true,"inbound_stock":0,"stock_on_hold":0,"sold_today":0,"sales_last_days":7,"reserved_stock":0,"customer_returns":0,"warehouse_damage":0,"lost_in_post":0,"other_logs":0,"out_stock_days":0,"lost_sales":0,"has_location":false,"update_date":"2026-04-03T00:20:58","atum_locations":[],"atum_stock_status":"instock","restock_status":false,"low_stock_amount":"","sales_update_date":"2026-04-03T00:20:58","calc_backorders":null,"yoast_head":"<!-- This site is optimized with the Yoast SEO plugin v27.1.1 - https:\/\/yoast.com\/product\/yoast-seo-wordpress\/ -->\n<title>Chocolate Cort\u00e9s Premium Waffle Milk - Chocolate Cort\u00e9s<\/title>\n<meta name=\"robots\" content=\"index, follow, max-snippet:-1, max-image-preview:large, max-video-preview:-1\" \/>\n<link rel=\"canonical\" href=\"https:\/\/chocolatecortes.com\/en\/product\/chocolate-cortes-premium-waffle-milk\/\" \/>\n<meta property=\"og:locale\" content=\"en_US\" \/>\n<meta property=\"og:type\" content=\"article\" \/>\n<meta property=\"og:title\" content=\"Chocolate Cort\u00e9s Premium Waffle Milk - Chocolate Cort\u00e9s\" \/>\n<meta property=\"og:description\" content=\"Satisfy your sweet cravings with our Chocolate Cort\u00e9s Premium Waffle Milk Chocolate bar. Made with creamy, rich milk chocolate and crunchy waffle pieces, this bar delivers the perfect combination of smoothness and texture. Crafted with 100% Caribbean cacao, each bite offers a delightful crunch followed by a melt-in-your-mouth finish. Indulge in a premium chocolate experience like no other.\" \/>\n<meta property=\"og:url\" content=\"https:\/\/chocolatecortes.com\/en\/product\/chocolate-cortes-premium-waffle-milk\/\" \/>\n<meta property=\"og:site_name\" content=\"Chocolate Cort\u00e9s\" \/>\n<meta property=\"article:publisher\" content=\"https:\/\/www.facebook.com\/chocolatecortespuertorico\/\" \/>\n<meta property=\"article:modified_time\" content=\"2026-04-01T16:20:42+00:00\" \/>\n<meta property=\"og:image\" content=\"https:\/\/chocolatecortes.com\/wp-content\/uploads\/2024\/09\/1.jpg\" \/>\n\t<meta property=\"og:image:width\" content=\"1080\" \/>\n\t<meta property=\"og:image:height\" content=\"1080\" \/>\n\t<meta property=\"og:image:type\" content=\"image\/jpeg\" \/>\n<meta name=\"twitter:card\" content=\"summary_large_image\" \/>\n<meta name=\"twitter:label1\" content=\"Est. reading time\" \/>\n\t<meta name=\"twitter:data1\" content=\"1 minute\" \/>\n<script type=\"application\/ld+json\" class=\"yoast-schema-graph\">{\"@context\":\"https:\/\/schema.org\",\"@graph\":[{\"@type\":\"WebPage\",\"@id\":\"https:\/\/chocolatecortes.com\/en\/product\/chocolate-cortes-premium-waffle-milk\/\",\"url\":\"https:\/\/chocolatecortes.com\/en\/product\/chocolate-cortes-premium-waffle-milk\/\",\"name\":\"Chocolate Cort\u00e9s Premium Waffle Milk - Chocolate Cort\u00e9s\",\"isPartOf\":{\"@id\":\"https:\/\/chocolatecortes.com\/en\/#website\"},\"primaryImageOfPage\":{\"@id\":\"https:\/\/chocolatecortes.com\/en\/product\/chocolate-cortes-premium-waffle-milk\/#primaryimage\"},\"image\":{\"@id\":\"https:\/\/chocolatecortes.com\/en\/product\/chocolate-cortes-premium-waffle-milk\/#primaryimage\"},\"thumbnailUrl\":\"https:\/\/chocolatecortes.com\/wp-content\/uploads\/2024\/09\/1.jpg\",\"datePublished\":\"2024-09-27T12:07:26+00:00\",\"dateModified\":\"2026-04-01T16:20:42+00:00\",\"breadcrumb\":{\"@id\":\"https:\/\/chocolatecortes.com\/en\/product\/chocolate-cortes-premium-waffle-milk\/#breadcrumb\"},\"inLanguage\":\"en-US\",\"potentialAction\":[{\"@type\":\"ReadAction\",\"target\":[\"https:\/\/chocolatecortes.com\/en\/product\/chocolate-cortes-premium-waffle-milk\/\"]}]},{\"@type\":\"ImageObject\",\"inLanguage\":\"en-US\",\"@id\":\"https:\/\/chocolatecortes.com\/en\/product\/chocolate-cortes-premium-waffle-milk\/#primaryimage\",\"url\":\"https:\/\/chocolatecortes.com\/wp-content\/uploads\/2024\/09\/1.jpg\",\"contentUrl\":\"https:\/\/chocolatecortes.com\/wp-content\/uploads\/2024\/09\/1.jpg\",\"width\":1080,\"height\":1080},{\"@type\":\"BreadcrumbList\",\"@id\":\"https:\/\/chocolatecortes.com\/en\/product\/chocolate-cortes-premium-waffle-milk\/#breadcrumb\",\"itemListElement\":[{\"@type\":\"ListItem\",\"position\":1,\"name\":\"Home\",\"item\":\"https:\/\/chocolatecortes.com\/\"},{\"@type\":\"ListItem\",\"position\":2,\"name\":\"Shop\",\"item\":\"https:\/\/chocolatecortes.com\/es\/tienda\/\"},{\"@type\":\"ListItem\",\"position\":3,\"name\":\"Chocolate Cort\u00e9s Premium Waffle Milk\"}]},{\"@type\":\"WebSite\",\"@id\":\"https:\/\/chocolatecortes.com\/en\/#website\",\"url\":\"https:\/\/chocolatecortes.com\/en\/\",\"name\":\"Chocolate Cort\u00e9s\",\"description\":\"Rico Chocolate!\",\"publisher\":{\"@id\":\"https:\/\/chocolatecortes.com\/en\/#organization\"},\"potentialAction\":[{\"@type\":\"SearchAction\",\"target\":{\"@type\":\"EntryPoint\",\"urlTemplate\":\"https:\/\/chocolatecortes.com\/en\/?s={search_term_string}\"},\"query-input\":{\"@type\":\"PropertyValueSpecification\",\"valueRequired\":true,\"valueName\":\"search_term_string\"}}],\"inLanguage\":\"en-US\"},{\"@type\":\"Organization\",\"@id\":\"https:\/\/chocolatecortes.com\/en\/#organization\",\"name\":\"Chocolate Cort\u00e9s\",\"url\":\"https:\/\/chocolatecortes.com\/en\/\",\"logo\":{\"@type\":\"ImageObject\",\"inLanguage\":\"en-US\",\"@id\":\"https:\/\/chocolatecortes.com\/en\/#\/schema\/logo\/image\/\",\"url\":\"https:\/\/chocolatecortes.com\/wp-content\/uploads\/2023\/01\/logo-cdirect-h.webp\",\"contentUrl\":\"https:\/\/chocolatecortes.com\/wp-content\/uploads\/2023\/01\/logo-cdirect-h.webp\",\"width\":171,\"height\":67,\"caption\":\"Chocolate Cort\u00e9s\"},\"image\":{\"@id\":\"https:\/\/chocolatecortes.com\/en\/#\/schema\/logo\/image\/\"},\"sameAs\":[\"https:\/\/www.facebook.com\/chocolatecortespuertorico\/\",\"https:\/\/www.instagram.com\/chocolatecortespr\/\",\"https:\/\/www.youtube.com\/channel\/UC2jE-25Y9O1YPdSjIXn5tRw\",\"https:\/\/www.tiktok.com\/@chocolatecortespr\",\"https:\/\/www.linkedin.com\/company\/cortes-hermanos\"]}]}<\/script>\n<!-- \/ Yoast SEO plugin. -->","yoast_head_json":{"title":"Chocolate Cort\u00e9s Premium Waffle Milk - Chocolate Cort\u00e9s","robots":{"index":"index","follow":"follow","max-snippet":"max-snippet:-1","max-image-preview":"max-image-preview:large","max-video-preview":"max-video-preview:-1"},"canonical":"https:\/\/chocolatecortes.com\/en\/product\/chocolate-cortes-premium-waffle-milk\/","og_locale":"en_US","og_type":"article","og_title":"Chocolate Cort\u00e9s Premium Waffle Milk - Chocolate Cort\u00e9s","og_description":"Satisfy your sweet cravings with our Chocolate Cort\u00e9s Premium Waffle Milk Chocolate bar. Made with creamy, rich milk chocolate and crunchy waffle pieces, this bar delivers the perfect combination of smoothness and texture. Crafted with 100% Caribbean cacao, each bite offers a delightful crunch followed by a melt-in-your-mouth finish. Indulge in a premium chocolate experience like no other.","og_url":"https:\/\/chocolatecortes.com\/en\/product\/chocolate-cortes-premium-waffle-milk\/","og_site_name":"Chocolate Cort\u00e9s","article_publisher":"https:\/\/www.facebook.com\/chocolatecortespuertorico\/","article_modified_time":"2026-04-01T16:20:42+00:00","og_image":[{"width":1080,"height":1080,"url":"https:\/\/chocolatecortes.com\/wp-content\/uploads\/2024\/09\/1.jpg","type":"image\/jpeg"}],"twitter_card":"summary_large_image","twitter_misc":{"Est. reading time":"1 minute"},"schema":{"@context":"https:\/\/schema.org","@graph":[{"@type":"WebPage","@id":"https:\/\/chocolatecortes.com\/en\/product\/chocolate-cortes-premium-waffle-milk\/","url":"https:\/\/chocolatecortes.com\/en\/product\/chocolate-cortes-premium-waffle-milk\/","name":"Chocolate Cort\u00e9s Premium Waffle Milk - Chocolate Cort\u00e9s","isPartOf":{"@id":"https:\/\/chocolatecortes.com\/en\/#website"},"primaryImageOfPage":{"@id":"https:\/\/chocolatecortes.com\/en\/product\/chocolate-cortes-premium-waffle-milk\/#primaryimage"},"image":{"@id":"https:\/\/chocolatecortes.com\/en\/product\/chocolate-cortes-premium-waffle-milk\/#primaryimage"},"thumbnailUrl":"https:\/\/chocolatecortes.com\/wp-content\/uploads\/2024\/09\/1.jpg","datePublished":"2024-09-27T12:07:26+00:00","dateModified":"2026-04-01T16:20:42+00:00","breadcrumb":{"@id":"https:\/\/chocolatecortes.com\/en\/product\/chocolate-cortes-premium-waffle-milk\/#breadcrumb"},"inLanguage":"en-US","potentialAction":[{"@type":"ReadAction","target":["https:\/\/chocolatecortes.com\/en\/product\/chocolate-cortes-premium-waffle-milk\/"]}]},{"@type":"ImageObject","inLanguage":"en-US","@id":"https:\/\/chocolatecortes.com\/en\/product\/chocolate-cortes-premium-waffle-milk\/#primaryimage","url":"https:\/\/chocolatecortes.com\/wp-content\/uploads\/2024\/09\/1.jpg","contentUrl":"https:\/\/chocolatecortes.com\/wp-content\/uploads\/2024\/09\/1.jpg","width":1080,"height":1080},{"@type":"BreadcrumbList","@id":"https:\/\/chocolatecortes.com\/en\/product\/chocolate-cortes-premium-waffle-milk\/#breadcrumb","itemListElement":[{"@type":"ListItem","position":1,"name":"Home","item":"https:\/\/chocolatecortes.com\/"},{"@type":"ListItem","position":2,"name":"Shop","item":"https:\/\/chocolatecortes.com\/es\/tienda\/"},{"@type":"ListItem","position":3,"name":"Chocolate Cort\u00e9s Premium Waffle Milk"}]},{"@type":"WebSite","@id":"https:\/\/chocolatecortes.com\/en\/#website","url":"https:\/\/chocolatecortes.com\/en\/","name":"Chocolate Cort\u00e9s","description":"Rico Chocolate!","publisher":{"@id":"https:\/\/chocolatecortes.com\/en\/#organization"},"potentialAction":[{"@type":"SearchAction","target":{"@type":"EntryPoint","urlTemplate":"https:\/\/chocolatecortes.com\/en\/?s={search_term_string}"},"query-input":{"@type":"PropertyValueSpecification","valueRequired":true,"valueName":"search_term_string"}}],"inLanguage":"en-US"},{"@type":"Organization","@id":"https:\/\/chocolatecortes.com\/en\/#organization","name":"Chocolate Cort\u00e9s","url":"https:\/\/chocolatecortes.com\/en\/","logo":{"@type":"ImageObject","inLanguage":"en-US","@id":"https:\/\/chocolatecortes.com\/en\/#\/schema\/logo\/image\/","url":"https:\/\/chocolatecortes.com\/wp-content\/uploads\/2023\/01\/logo-cdirect-h.webp","contentUrl":"https:\/\/chocolatecortes.com\/wp-content\/uploads\/2023\/01\/logo-cdirect-h.webp","width":171,"height":67,"caption":"Chocolate Cort\u00e9s"},"image":{"@id":"https:\/\/chocolatecortes.com\/en\/#\/schema\/logo\/image\/"},"sameAs":["https:\/\/www.facebook.com\/chocolatecortespuertorico\/","https:\/\/www.instagram.com\/chocolatecortespr\/","https:\/\/www.youtube.com\/channel\/UC2jE-25Y9O1YPdSjIXn5tRw","https:\/\/www.tiktok.com\/@chocolatecortespr","https:\/\/www.linkedin.com\/company\/cortes-hermanos"]}]}},"_links":{"self":[{"href":"https:\/\/chocolatecortes.com\/en\/wp-json\/wp\/v2\/product\/3752","targetHints":{"allow":["GET"]}}],"collection":[{"href":"https:\/\/chocolatecortes.com\/en\/wp-json\/wp\/v2\/product"}],"about":[{"href":"https:\/\/chocolatecortes.com\/en\/wp-json\/wp\/v2\/types\/product"}],"wp:featuredmedia":[{"embeddable":true,"href":"https:\/\/chocolatecortes.com\/en\/wp-json\/wp\/v2\/media\/3747"}],"wp:attachment":[{"href":"https:\/\/chocolatecortes.com\/en\/wp-json\/wp\/v2\/media?parent=3752"}],"wp:term":[{"taxonomy":"product_brand","embeddable":true,"href":"https:\/\/chocolatecortes.com\/en\/wp-json\/wp\/v2\/product_brand?post=3752"},{"taxonomy":"product_cat","embeddable":true,"href":"https:\/\/chocolatecortes.com\/en\/wp-json\/wp\/v2\/product_cat?post=3752"},{"taxonomy":"product_tag","embeddable":true,"href":"https:\/\/chocolatecortes.com\/en\/wp-json\/wp\/v2\/product_tag?post=3752"}],"curies":[{"name":"wp","href":"https:\/\/api.w.org\/{rel}","templated":true}]}}