{"id":3770,"date":"2024-09-27T11:41:12","date_gmt":"2024-09-27T15:41:12","guid":{"rendered":"https:\/\/chocolatecortes.com\/?post_type=product&#038;p=3770"},"modified":"2026-03-27T08:49:33","modified_gmt":"2026-03-27T12:49:33","slug":"chocolate-cortes-premium-70-dark-chocolate","status":"publish","type":"product","link":"https:\/\/chocolatecortes.com\/en\/product\/chocolate-cortes-premium-70-dark-chocolate\/","title":{"rendered":"Chocolate Cort\u00e9s Premium 70% Dark Chocolate"},"content":{"rendered":"<pre id=\"tw-target-text\" class=\"tw-data-text tw-text-large tw-ta\" dir=\"ltr\" data-placeholder=\"Translation\"><span class=\"Y2IQFc\" lang=\"en\">Silky dark chocolate bars.<\/span><\/pre>\n","protected":false},"excerpt":{"rendered":"<p>Discover the bold, intense flavor of our <strong>Chocolate Cort\u00e9s Premium 70% Dark Chocolate<\/strong> bar, the newest addition to the Chocolate Cort\u00e9s Premium line. Made with 100% Caribbean cacao, this bar delivers a rich and deep chocolate experience that highlights the pure essence of cacao. Perfect for dark chocolate lovers seeking a refined and luxurious treat.<\/p>\n","protected":false},"featured_media":3749,"template":"","meta":[],"product_brand":[],"product_cat":[69,17,120],"product_tag":[81,45,114],"class_list":{"0":"post-3770","1":"product","2":"type-product","3":"status-publish","4":"has-post-thumbnail","6":"product_cat-candy","7":"product_cat-cortes-chocolates","8":"product_cat-new-premium-dark","9":"product_tag-featured-cortes","10":"product_tag-premium-chocolate","11":"product_tag-recaudaconcortes","13":"first","14":"outofstock","15":"featured","16":"taxable","17":"shipping-taxable","18":"purchasable","19":"product-type-variable"},"bundled_by":["3378","3383","3388","3947","3949","4835"],"bundle_stock_status":"outofstock","bundle_stock_quantity":null,"bundle_virtual":false,"bundle_layout":"","bundle_add_to_cart_form_location":"","bundle_editable_in_cart":false,"bundle_sold_individually_context":"","bundle_item_grouping":"","bundle_min_size":"","bundle_max_size":"","bundle_price":[],"bundled_items":[],"bundle_sell_ids":[],"supplier_id":null,"supplier_sku":"","barcode":null,"atum_controlled":true,"out_stock_date":"2025-05-29 09:25:26","out_stock_threshold":null,"inheritable":true,"inbound_stock":0,"stock_on_hold":0,"sold_today":0,"sales_last_days":7,"reserved_stock":0,"customer_returns":0,"warehouse_damage":0,"lost_in_post":0,"other_logs":0,"out_stock_days":308,"lost_sales":0,"has_location":false,"update_date":"2026-04-03T00:20:56","atum_locations":[],"atum_stock_status":"outofstock","restock_status":false,"low_stock_amount":"","sales_update_date":"2026-04-03T00:20:56","calc_backorders":null,"yoast_head":"<!-- This site is optimized with the Yoast SEO plugin v27.1.1 - https:\/\/yoast.com\/product\/yoast-seo-wordpress\/ -->\n<title>Chocolate Cort\u00e9s Premium 70% Dark Chocolate - Chocolate Cort\u00e9s<\/title>\n<meta name=\"robots\" content=\"index, follow, max-snippet:-1, max-image-preview:large, max-video-preview:-1\" \/>\n<link rel=\"canonical\" href=\"https:\/\/chocolatecortes.com\/en\/product\/chocolate-cortes-premium-70-dark-chocolate\/\" \/>\n<meta property=\"og:locale\" content=\"en_US\" \/>\n<meta property=\"og:type\" content=\"article\" \/>\n<meta property=\"og:title\" content=\"Chocolate Cort\u00e9s Premium 70% Dark Chocolate - Chocolate Cort\u00e9s\" \/>\n<meta property=\"og:description\" content=\"Discover the bold, intense flavor of our Chocolate Cort\u00e9s Premium 70% Dark Chocolate bar, the newest addition to the Chocolate Cort\u00e9s Premium line. Made with 100% Caribbean cacao, this bar delivers a rich and deep chocolate experience that highlights the pure essence of cacao. Perfect for dark chocolate lovers seeking a refined and luxurious treat.\" \/>\n<meta property=\"og:url\" content=\"https:\/\/chocolatecortes.com\/en\/product\/chocolate-cortes-premium-70-dark-chocolate\/\" \/>\n<meta property=\"og:site_name\" content=\"Chocolate Cort\u00e9s\" \/>\n<meta property=\"article:publisher\" content=\"https:\/\/www.facebook.com\/chocolatecortespuertorico\/\" \/>\n<meta property=\"article:modified_time\" content=\"2026-03-27T12:49:33+00:00\" \/>\n<meta property=\"og:image\" content=\"https:\/\/chocolatecortes.com\/wp-content\/uploads\/2024\/09\/3.jpg\" \/>\n\t<meta property=\"og:image:width\" content=\"1080\" \/>\n\t<meta property=\"og:image:height\" content=\"1080\" \/>\n\t<meta property=\"og:image:type\" content=\"image\/jpeg\" \/>\n<meta name=\"twitter:card\" content=\"summary_large_image\" \/>\n<meta name=\"twitter:label1\" content=\"Est. reading time\" \/>\n\t<meta name=\"twitter:data1\" content=\"1 minute\" \/>\n<script type=\"application\/ld+json\" class=\"yoast-schema-graph\">{\"@context\":\"https:\/\/schema.org\",\"@graph\":[{\"@type\":\"WebPage\",\"@id\":\"https:\/\/chocolatecortes.com\/en\/product\/chocolate-cortes-premium-70-dark-chocolate\/\",\"url\":\"https:\/\/chocolatecortes.com\/en\/product\/chocolate-cortes-premium-70-dark-chocolate\/\",\"name\":\"Chocolate Cort\u00e9s Premium 70% Dark Chocolate - Chocolate Cort\u00e9s\",\"isPartOf\":{\"@id\":\"https:\/\/chocolatecortes.com\/en\/#website\"},\"primaryImageOfPage\":{\"@id\":\"https:\/\/chocolatecortes.com\/en\/product\/chocolate-cortes-premium-70-dark-chocolate\/#primaryimage\"},\"image\":{\"@id\":\"https:\/\/chocolatecortes.com\/en\/product\/chocolate-cortes-premium-70-dark-chocolate\/#primaryimage\"},\"thumbnailUrl\":\"https:\/\/chocolatecortes.com\/wp-content\/uploads\/2024\/09\/3.jpg\",\"datePublished\":\"2024-09-27T15:41:12+00:00\",\"dateModified\":\"2026-03-27T12:49:33+00:00\",\"breadcrumb\":{\"@id\":\"https:\/\/chocolatecortes.com\/en\/product\/chocolate-cortes-premium-70-dark-chocolate\/#breadcrumb\"},\"inLanguage\":\"en-US\",\"potentialAction\":[{\"@type\":\"ReadAction\",\"target\":[\"https:\/\/chocolatecortes.com\/en\/product\/chocolate-cortes-premium-70-dark-chocolate\/\"]}]},{\"@type\":\"ImageObject\",\"inLanguage\":\"en-US\",\"@id\":\"https:\/\/chocolatecortes.com\/en\/product\/chocolate-cortes-premium-70-dark-chocolate\/#primaryimage\",\"url\":\"https:\/\/chocolatecortes.com\/wp-content\/uploads\/2024\/09\/3.jpg\",\"contentUrl\":\"https:\/\/chocolatecortes.com\/wp-content\/uploads\/2024\/09\/3.jpg\",\"width\":1080,\"height\":1080},{\"@type\":\"BreadcrumbList\",\"@id\":\"https:\/\/chocolatecortes.com\/en\/product\/chocolate-cortes-premium-70-dark-chocolate\/#breadcrumb\",\"itemListElement\":[{\"@type\":\"ListItem\",\"position\":1,\"name\":\"Home\",\"item\":\"https:\/\/chocolatecortes.com\/\"},{\"@type\":\"ListItem\",\"position\":2,\"name\":\"Shop\",\"item\":\"https:\/\/chocolatecortes.com\/es\/tienda\/\"},{\"@type\":\"ListItem\",\"position\":3,\"name\":\"Chocolate Cort\u00e9s Premium 70% Dark Chocolate\"}]},{\"@type\":\"WebSite\",\"@id\":\"https:\/\/chocolatecortes.com\/en\/#website\",\"url\":\"https:\/\/chocolatecortes.com\/en\/\",\"name\":\"Chocolate Cort\u00e9s\",\"description\":\"Rico Chocolate!\",\"publisher\":{\"@id\":\"https:\/\/chocolatecortes.com\/en\/#organization\"},\"potentialAction\":[{\"@type\":\"SearchAction\",\"target\":{\"@type\":\"EntryPoint\",\"urlTemplate\":\"https:\/\/chocolatecortes.com\/en\/?s={search_term_string}\"},\"query-input\":{\"@type\":\"PropertyValueSpecification\",\"valueRequired\":true,\"valueName\":\"search_term_string\"}}],\"inLanguage\":\"en-US\"},{\"@type\":\"Organization\",\"@id\":\"https:\/\/chocolatecortes.com\/en\/#organization\",\"name\":\"Chocolate Cort\u00e9s\",\"url\":\"https:\/\/chocolatecortes.com\/en\/\",\"logo\":{\"@type\":\"ImageObject\",\"inLanguage\":\"en-US\",\"@id\":\"https:\/\/chocolatecortes.com\/en\/#\/schema\/logo\/image\/\",\"url\":\"https:\/\/chocolatecortes.com\/wp-content\/uploads\/2023\/01\/logo-cdirect-h.webp\",\"contentUrl\":\"https:\/\/chocolatecortes.com\/wp-content\/uploads\/2023\/01\/logo-cdirect-h.webp\",\"width\":171,\"height\":67,\"caption\":\"Chocolate Cort\u00e9s\"},\"image\":{\"@id\":\"https:\/\/chocolatecortes.com\/en\/#\/schema\/logo\/image\/\"},\"sameAs\":[\"https:\/\/www.facebook.com\/chocolatecortespuertorico\/\",\"https:\/\/www.instagram.com\/chocolatecortespr\/\",\"https:\/\/www.youtube.com\/channel\/UC2jE-25Y9O1YPdSjIXn5tRw\",\"https:\/\/www.tiktok.com\/@chocolatecortespr\",\"https:\/\/www.linkedin.com\/company\/cortes-hermanos\"]}]}<\/script>\n<!-- \/ Yoast SEO plugin. -->","yoast_head_json":{"title":"Chocolate Cort\u00e9s Premium 70% Dark Chocolate - Chocolate Cort\u00e9s","robots":{"index":"index","follow":"follow","max-snippet":"max-snippet:-1","max-image-preview":"max-image-preview:large","max-video-preview":"max-video-preview:-1"},"canonical":"https:\/\/chocolatecortes.com\/en\/product\/chocolate-cortes-premium-70-dark-chocolate\/","og_locale":"en_US","og_type":"article","og_title":"Chocolate Cort\u00e9s Premium 70% Dark Chocolate - Chocolate Cort\u00e9s","og_description":"Discover the bold, intense flavor of our Chocolate Cort\u00e9s Premium 70% Dark Chocolate bar, the newest addition to the Chocolate Cort\u00e9s Premium line. Made with 100% Caribbean cacao, this bar delivers a rich and deep chocolate experience that highlights the pure essence of cacao. Perfect for dark chocolate lovers seeking a refined and luxurious treat.","og_url":"https:\/\/chocolatecortes.com\/en\/product\/chocolate-cortes-premium-70-dark-chocolate\/","og_site_name":"Chocolate Cort\u00e9s","article_publisher":"https:\/\/www.facebook.com\/chocolatecortespuertorico\/","article_modified_time":"2026-03-27T12:49:33+00:00","og_image":[{"width":1080,"height":1080,"url":"https:\/\/chocolatecortes.com\/wp-content\/uploads\/2024\/09\/3.jpg","type":"image\/jpeg"}],"twitter_card":"summary_large_image","twitter_misc":{"Est. reading time":"1 minute"},"schema":{"@context":"https:\/\/schema.org","@graph":[{"@type":"WebPage","@id":"https:\/\/chocolatecortes.com\/en\/product\/chocolate-cortes-premium-70-dark-chocolate\/","url":"https:\/\/chocolatecortes.com\/en\/product\/chocolate-cortes-premium-70-dark-chocolate\/","name":"Chocolate Cort\u00e9s Premium 70% Dark Chocolate - Chocolate Cort\u00e9s","isPartOf":{"@id":"https:\/\/chocolatecortes.com\/en\/#website"},"primaryImageOfPage":{"@id":"https:\/\/chocolatecortes.com\/en\/product\/chocolate-cortes-premium-70-dark-chocolate\/#primaryimage"},"image":{"@id":"https:\/\/chocolatecortes.com\/en\/product\/chocolate-cortes-premium-70-dark-chocolate\/#primaryimage"},"thumbnailUrl":"https:\/\/chocolatecortes.com\/wp-content\/uploads\/2024\/09\/3.jpg","datePublished":"2024-09-27T15:41:12+00:00","dateModified":"2026-03-27T12:49:33+00:00","breadcrumb":{"@id":"https:\/\/chocolatecortes.com\/en\/product\/chocolate-cortes-premium-70-dark-chocolate\/#breadcrumb"},"inLanguage":"en-US","potentialAction":[{"@type":"ReadAction","target":["https:\/\/chocolatecortes.com\/en\/product\/chocolate-cortes-premium-70-dark-chocolate\/"]}]},{"@type":"ImageObject","inLanguage":"en-US","@id":"https:\/\/chocolatecortes.com\/en\/product\/chocolate-cortes-premium-70-dark-chocolate\/#primaryimage","url":"https:\/\/chocolatecortes.com\/wp-content\/uploads\/2024\/09\/3.jpg","contentUrl":"https:\/\/chocolatecortes.com\/wp-content\/uploads\/2024\/09\/3.jpg","width":1080,"height":1080},{"@type":"BreadcrumbList","@id":"https:\/\/chocolatecortes.com\/en\/product\/chocolate-cortes-premium-70-dark-chocolate\/#breadcrumb","itemListElement":[{"@type":"ListItem","position":1,"name":"Home","item":"https:\/\/chocolatecortes.com\/"},{"@type":"ListItem","position":2,"name":"Shop","item":"https:\/\/chocolatecortes.com\/es\/tienda\/"},{"@type":"ListItem","position":3,"name":"Chocolate Cort\u00e9s Premium 70% Dark Chocolate"}]},{"@type":"WebSite","@id":"https:\/\/chocolatecortes.com\/en\/#website","url":"https:\/\/chocolatecortes.com\/en\/","name":"Chocolate Cort\u00e9s","description":"Rico Chocolate!","publisher":{"@id":"https:\/\/chocolatecortes.com\/en\/#organization"},"potentialAction":[{"@type":"SearchAction","target":{"@type":"EntryPoint","urlTemplate":"https:\/\/chocolatecortes.com\/en\/?s={search_term_string}"},"query-input":{"@type":"PropertyValueSpecification","valueRequired":true,"valueName":"search_term_string"}}],"inLanguage":"en-US"},{"@type":"Organization","@id":"https:\/\/chocolatecortes.com\/en\/#organization","name":"Chocolate Cort\u00e9s","url":"https:\/\/chocolatecortes.com\/en\/","logo":{"@type":"ImageObject","inLanguage":"en-US","@id":"https:\/\/chocolatecortes.com\/en\/#\/schema\/logo\/image\/","url":"https:\/\/chocolatecortes.com\/wp-content\/uploads\/2023\/01\/logo-cdirect-h.webp","contentUrl":"https:\/\/chocolatecortes.com\/wp-content\/uploads\/2023\/01\/logo-cdirect-h.webp","width":171,"height":67,"caption":"Chocolate Cort\u00e9s"},"image":{"@id":"https:\/\/chocolatecortes.com\/en\/#\/schema\/logo\/image\/"},"sameAs":["https:\/\/www.facebook.com\/chocolatecortespuertorico\/","https:\/\/www.instagram.com\/chocolatecortespr\/","https:\/\/www.youtube.com\/channel\/UC2jE-25Y9O1YPdSjIXn5tRw","https:\/\/www.tiktok.com\/@chocolatecortespr","https:\/\/www.linkedin.com\/company\/cortes-hermanos"]}]}},"_links":{"self":[{"href":"https:\/\/chocolatecortes.com\/en\/wp-json\/wp\/v2\/product\/3770","targetHints":{"allow":["GET"]}}],"collection":[{"href":"https:\/\/chocolatecortes.com\/en\/wp-json\/wp\/v2\/product"}],"about":[{"href":"https:\/\/chocolatecortes.com\/en\/wp-json\/wp\/v2\/types\/product"}],"wp:featuredmedia":[{"embeddable":true,"href":"https:\/\/chocolatecortes.com\/en\/wp-json\/wp\/v2\/media\/3749"}],"wp:attachment":[{"href":"https:\/\/chocolatecortes.com\/en\/wp-json\/wp\/v2\/media?parent=3770"}],"wp:term":[{"taxonomy":"product_brand","embeddable":true,"href":"https:\/\/chocolatecortes.com\/en\/wp-json\/wp\/v2\/product_brand?post=3770"},{"taxonomy":"product_cat","embeddable":true,"href":"https:\/\/chocolatecortes.com\/en\/wp-json\/wp\/v2\/product_cat?post=3770"},{"taxonomy":"product_tag","embeddable":true,"href":"https:\/\/chocolatecortes.com\/en\/wp-json\/wp\/v2\/product_tag?post=3770"}],"curies":[{"name":"wp","href":"https:\/\/api.w.org\/{rel}","templated":true}]}}