{"id":4801,"date":"2025-04-11T11:50:20","date_gmt":"2025-04-11T15:50:20","guid":{"rendered":"https:\/\/chocolatecortes.com\/?post_type=product&#038;p=4801"},"modified":"2025-11-08T22:59:19","modified_gmt":"2025-11-09T02:59:19","slug":"chocolate-cortes-with-coffee-bar-7oz","status":"publish","type":"product","link":"https:\/\/chocolatecortes.com\/en\/product\/chocolate-cortes-with-coffee-bar-7oz\/","title":{"rendered":"Chocolate Cort\u00e9s with Coffee Bar 7oz"},"content":{"rendered":"","protected":false},"excerpt":{"rendered":"<p>Experience the rich, traditional taste of Puerto Rico with the Classic Cort\u00e9s Hot Chocolate Bar. Made with the finest Caribbean cacao, this iconic bar is designed specifically for melting into a delicious, velvety hot chocolate\u2014just add milk! Whether you\u2019re sipping it on a cold rainy day or making it the centerpiece of a cozy family gathering, its deep flavor and creamy texture create the perfect cup of comfort.<br \/>\nAvailable in Tradicional, Cinnamon, Coffee, and Sugar-Free varieties, this bar is a versatile treat for all to enjoy.<br \/>\nAll our varieties are Vegan-friendly!<\/p>\n","protected":false},"featured_media":603,"template":"","meta":[],"product_brand":[],"product_cat":[67,17],"product_tag":[74,81,128],"class_list":{"0":"post-4801","1":"product","2":"type-product","3":"status-publish","4":"has-post-thumbnail","6":"product_cat-barra-cortes","7":"product_cat-cortes-chocolates","8":"product_tag-chocolate","9":"product_tag-featured-cortes","10":"product_tag-hotchocolate","12":"first","13":"outofstock","14":"featured","15":"taxable","16":"shipping-taxable","17":"product-type-variable"},"bundled_by":[],"bundle_stock_status":"outofstock","bundle_stock_quantity":null,"bundle_virtual":false,"bundle_layout":"","bundle_add_to_cart_form_location":"","bundle_editable_in_cart":false,"bundle_sold_individually_context":"","bundle_item_grouping":"","bundle_min_size":"","bundle_max_size":"","bundle_price":[],"bundled_items":[],"bundle_sell_ids":[],"supplier_id":null,"supplier_sku":"","barcode":null,"atum_controlled":true,"out_stock_date":"2025-04-16 10:22:18","out_stock_threshold":null,"inheritable":true,"inbound_stock":0,"stock_on_hold":0,"sold_today":0,"sales_last_days":0,"reserved_stock":0,"customer_returns":0,"warehouse_damage":0,"lost_in_post":0,"other_logs":0,"out_stock_days":351,"lost_sales":0,"has_location":false,"update_date":"2026-04-03T00:20:57","atum_locations":[],"atum_stock_status":"outofstock","restock_status":false,"low_stock_amount":"","sales_update_date":"2026-04-03T00:20:57","calc_backorders":null,"yoast_head":"<!-- This site is optimized with the Yoast SEO plugin v27.1.1 - https:\/\/yoast.com\/product\/yoast-seo-wordpress\/ -->\n<title>Chocolate Cort\u00e9s with Coffee Bar 7oz - Chocolate Cort\u00e9s<\/title>\n<meta name=\"robots\" content=\"index, follow, max-snippet:-1, max-image-preview:large, max-video-preview:-1\" \/>\n<link rel=\"canonical\" href=\"https:\/\/chocolatecortes.com\/en\/product\/chocolate-cortes-with-coffee-bar-7oz\/\" \/>\n<meta property=\"og:locale\" content=\"en_US\" \/>\n<meta property=\"og:type\" content=\"article\" \/>\n<meta property=\"og:title\" content=\"Chocolate Cort\u00e9s with Coffee Bar 7oz - Chocolate Cort\u00e9s\" \/>\n<meta property=\"og:description\" content=\"Experience the rich, traditional taste of Puerto Rico with the Classic Cort\u00e9s Hot Chocolate Bar. Made with the finest Caribbean cacao, this iconic bar is designed specifically for melting into a delicious, velvety hot chocolate\u2014just add milk! Whether you\u2019re sipping it on a cold rainy day or making it the centerpiece of a cozy family gathering, its deep flavor and creamy texture create the perfect cup of comfort. Available in Tradicional, Cinnamon, Coffee, and Sugar-Free varieties, this bar is a versatile treat for all to enjoy. All our varieties are Vegan-friendly!\" \/>\n<meta property=\"og:url\" content=\"https:\/\/chocolatecortes.com\/en\/product\/chocolate-cortes-with-coffee-bar-7oz\/\" \/>\n<meta property=\"og:site_name\" content=\"Chocolate Cort\u00e9s\" \/>\n<meta property=\"article:publisher\" content=\"https:\/\/www.facebook.com\/chocolatecortespuertorico\/\" \/>\n<meta property=\"article:modified_time\" content=\"2025-11-09T02:59:19+00:00\" \/>\n<meta property=\"og:image\" content=\"https:\/\/chocolatecortes.com\/wp-content\/uploads\/2023\/03\/chocolate-cortes-item_BARRA-CORTES-CAFE_FRONT-800x800-1.jpg\" \/>\n\t<meta property=\"og:image:width\" content=\"800\" \/>\n\t<meta property=\"og:image:height\" content=\"800\" \/>\n\t<meta property=\"og:image:type\" content=\"image\/webp\" \/>\n<meta name=\"twitter:card\" content=\"summary_large_image\" \/>\n<meta name=\"twitter:label1\" content=\"Est. reading time\" \/>\n\t<meta name=\"twitter:data1\" content=\"1 minute\" \/>\n<script type=\"application\/ld+json\" class=\"yoast-schema-graph\">{\"@context\":\"https:\/\/schema.org\",\"@graph\":[{\"@type\":\"WebPage\",\"@id\":\"https:\/\/chocolatecortes.com\/en\/product\/chocolate-cortes-with-coffee-bar-7oz\/\",\"url\":\"https:\/\/chocolatecortes.com\/en\/product\/chocolate-cortes-with-coffee-bar-7oz\/\",\"name\":\"Chocolate Cort\u00e9s with Coffee Bar 7oz - Chocolate Cort\u00e9s\",\"isPartOf\":{\"@id\":\"https:\/\/chocolatecortes.com\/en\/#website\"},\"primaryImageOfPage\":{\"@id\":\"https:\/\/chocolatecortes.com\/en\/product\/chocolate-cortes-with-coffee-bar-7oz\/#primaryimage\"},\"image\":{\"@id\":\"https:\/\/chocolatecortes.com\/en\/product\/chocolate-cortes-with-coffee-bar-7oz\/#primaryimage\"},\"thumbnailUrl\":\"https:\/\/chocolatecortes.com\/wp-content\/uploads\/2023\/03\/chocolate-cortes-item_BARRA-CORTES-CAFE_FRONT-800x800-1.jpg\",\"datePublished\":\"2025-04-11T15:50:20+00:00\",\"dateModified\":\"2025-11-09T02:59:19+00:00\",\"breadcrumb\":{\"@id\":\"https:\/\/chocolatecortes.com\/en\/product\/chocolate-cortes-with-coffee-bar-7oz\/#breadcrumb\"},\"inLanguage\":\"en-US\",\"potentialAction\":[{\"@type\":\"ReadAction\",\"target\":[\"https:\/\/chocolatecortes.com\/en\/product\/chocolate-cortes-with-coffee-bar-7oz\/\"]}]},{\"@type\":\"ImageObject\",\"inLanguage\":\"en-US\",\"@id\":\"https:\/\/chocolatecortes.com\/en\/product\/chocolate-cortes-with-coffee-bar-7oz\/#primaryimage\",\"url\":\"https:\/\/chocolatecortes.com\/wp-content\/uploads\/2023\/03\/chocolate-cortes-item_BARRA-CORTES-CAFE_FRONT-800x800-1.jpg\",\"contentUrl\":\"https:\/\/chocolatecortes.com\/wp-content\/uploads\/2023\/03\/chocolate-cortes-item_BARRA-CORTES-CAFE_FRONT-800x800-1.jpg\",\"width\":800,\"height\":800},{\"@type\":\"BreadcrumbList\",\"@id\":\"https:\/\/chocolatecortes.com\/en\/product\/chocolate-cortes-with-coffee-bar-7oz\/#breadcrumb\",\"itemListElement\":[{\"@type\":\"ListItem\",\"position\":1,\"name\":\"Home\",\"item\":\"https:\/\/chocolatecortes.com\/\"},{\"@type\":\"ListItem\",\"position\":2,\"name\":\"Shop\",\"item\":\"https:\/\/chocolatecortes.com\/es\/tienda\/\"},{\"@type\":\"ListItem\",\"position\":3,\"name\":\"Chocolate Cort\u00e9s with Coffee Bar 7oz\"}]},{\"@type\":\"WebSite\",\"@id\":\"https:\/\/chocolatecortes.com\/en\/#website\",\"url\":\"https:\/\/chocolatecortes.com\/en\/\",\"name\":\"Chocolate Cort\u00e9s\",\"description\":\"Rico Chocolate!\",\"publisher\":{\"@id\":\"https:\/\/chocolatecortes.com\/en\/#organization\"},\"potentialAction\":[{\"@type\":\"SearchAction\",\"target\":{\"@type\":\"EntryPoint\",\"urlTemplate\":\"https:\/\/chocolatecortes.com\/en\/?s={search_term_string}\"},\"query-input\":{\"@type\":\"PropertyValueSpecification\",\"valueRequired\":true,\"valueName\":\"search_term_string\"}}],\"inLanguage\":\"en-US\"},{\"@type\":\"Organization\",\"@id\":\"https:\/\/chocolatecortes.com\/en\/#organization\",\"name\":\"Chocolate Cort\u00e9s\",\"url\":\"https:\/\/chocolatecortes.com\/en\/\",\"logo\":{\"@type\":\"ImageObject\",\"inLanguage\":\"en-US\",\"@id\":\"https:\/\/chocolatecortes.com\/en\/#\/schema\/logo\/image\/\",\"url\":\"https:\/\/chocolatecortes.com\/wp-content\/uploads\/2023\/01\/logo-cdirect-h.webp\",\"contentUrl\":\"https:\/\/chocolatecortes.com\/wp-content\/uploads\/2023\/01\/logo-cdirect-h.webp\",\"width\":171,\"height\":67,\"caption\":\"Chocolate Cort\u00e9s\"},\"image\":{\"@id\":\"https:\/\/chocolatecortes.com\/en\/#\/schema\/logo\/image\/\"},\"sameAs\":[\"https:\/\/www.facebook.com\/chocolatecortespuertorico\/\",\"https:\/\/www.instagram.com\/chocolatecortespr\/\",\"https:\/\/www.youtube.com\/channel\/UC2jE-25Y9O1YPdSjIXn5tRw\",\"https:\/\/www.tiktok.com\/@chocolatecortespr\",\"https:\/\/www.linkedin.com\/company\/cortes-hermanos\"]}]}<\/script>\n<!-- \/ Yoast SEO plugin. -->","yoast_head_json":{"title":"Chocolate Cort\u00e9s with Coffee Bar 7oz - Chocolate Cort\u00e9s","robots":{"index":"index","follow":"follow","max-snippet":"max-snippet:-1","max-image-preview":"max-image-preview:large","max-video-preview":"max-video-preview:-1"},"canonical":"https:\/\/chocolatecortes.com\/en\/product\/chocolate-cortes-with-coffee-bar-7oz\/","og_locale":"en_US","og_type":"article","og_title":"Chocolate Cort\u00e9s with Coffee Bar 7oz - Chocolate Cort\u00e9s","og_description":"Experience the rich, traditional taste of Puerto Rico with the Classic Cort\u00e9s Hot Chocolate Bar. Made with the finest Caribbean cacao, this iconic bar is designed specifically for melting into a delicious, velvety hot chocolate\u2014just add milk! Whether you\u2019re sipping it on a cold rainy day or making it the centerpiece of a cozy family gathering, its deep flavor and creamy texture create the perfect cup of comfort. Available in Tradicional, Cinnamon, Coffee, and Sugar-Free varieties, this bar is a versatile treat for all to enjoy. All our varieties are Vegan-friendly!","og_url":"https:\/\/chocolatecortes.com\/en\/product\/chocolate-cortes-with-coffee-bar-7oz\/","og_site_name":"Chocolate Cort\u00e9s","article_publisher":"https:\/\/www.facebook.com\/chocolatecortespuertorico\/","article_modified_time":"2025-11-09T02:59:19+00:00","og_image":[{"width":800,"height":800,"url":"https:\/\/chocolatecortes.com\/wp-content\/uploads\/2023\/03\/chocolate-cortes-item_BARRA-CORTES-CAFE_FRONT-800x800-1.jpg","type":"image\/webp"}],"twitter_card":"summary_large_image","twitter_misc":{"Est. reading time":"1 minute"},"schema":{"@context":"https:\/\/schema.org","@graph":[{"@type":"WebPage","@id":"https:\/\/chocolatecortes.com\/en\/product\/chocolate-cortes-with-coffee-bar-7oz\/","url":"https:\/\/chocolatecortes.com\/en\/product\/chocolate-cortes-with-coffee-bar-7oz\/","name":"Chocolate Cort\u00e9s with Coffee Bar 7oz - Chocolate Cort\u00e9s","isPartOf":{"@id":"https:\/\/chocolatecortes.com\/en\/#website"},"primaryImageOfPage":{"@id":"https:\/\/chocolatecortes.com\/en\/product\/chocolate-cortes-with-coffee-bar-7oz\/#primaryimage"},"image":{"@id":"https:\/\/chocolatecortes.com\/en\/product\/chocolate-cortes-with-coffee-bar-7oz\/#primaryimage"},"thumbnailUrl":"https:\/\/chocolatecortes.com\/wp-content\/uploads\/2023\/03\/chocolate-cortes-item_BARRA-CORTES-CAFE_FRONT-800x800-1.jpg","datePublished":"2025-04-11T15:50:20+00:00","dateModified":"2025-11-09T02:59:19+00:00","breadcrumb":{"@id":"https:\/\/chocolatecortes.com\/en\/product\/chocolate-cortes-with-coffee-bar-7oz\/#breadcrumb"},"inLanguage":"en-US","potentialAction":[{"@type":"ReadAction","target":["https:\/\/chocolatecortes.com\/en\/product\/chocolate-cortes-with-coffee-bar-7oz\/"]}]},{"@type":"ImageObject","inLanguage":"en-US","@id":"https:\/\/chocolatecortes.com\/en\/product\/chocolate-cortes-with-coffee-bar-7oz\/#primaryimage","url":"https:\/\/chocolatecortes.com\/wp-content\/uploads\/2023\/03\/chocolate-cortes-item_BARRA-CORTES-CAFE_FRONT-800x800-1.jpg","contentUrl":"https:\/\/chocolatecortes.com\/wp-content\/uploads\/2023\/03\/chocolate-cortes-item_BARRA-CORTES-CAFE_FRONT-800x800-1.jpg","width":800,"height":800},{"@type":"BreadcrumbList","@id":"https:\/\/chocolatecortes.com\/en\/product\/chocolate-cortes-with-coffee-bar-7oz\/#breadcrumb","itemListElement":[{"@type":"ListItem","position":1,"name":"Home","item":"https:\/\/chocolatecortes.com\/"},{"@type":"ListItem","position":2,"name":"Shop","item":"https:\/\/chocolatecortes.com\/es\/tienda\/"},{"@type":"ListItem","position":3,"name":"Chocolate Cort\u00e9s with Coffee Bar 7oz"}]},{"@type":"WebSite","@id":"https:\/\/chocolatecortes.com\/en\/#website","url":"https:\/\/chocolatecortes.com\/en\/","name":"Chocolate Cort\u00e9s","description":"Rico Chocolate!","publisher":{"@id":"https:\/\/chocolatecortes.com\/en\/#organization"},"potentialAction":[{"@type":"SearchAction","target":{"@type":"EntryPoint","urlTemplate":"https:\/\/chocolatecortes.com\/en\/?s={search_term_string}"},"query-input":{"@type":"PropertyValueSpecification","valueRequired":true,"valueName":"search_term_string"}}],"inLanguage":"en-US"},{"@type":"Organization","@id":"https:\/\/chocolatecortes.com\/en\/#organization","name":"Chocolate Cort\u00e9s","url":"https:\/\/chocolatecortes.com\/en\/","logo":{"@type":"ImageObject","inLanguage":"en-US","@id":"https:\/\/chocolatecortes.com\/en\/#\/schema\/logo\/image\/","url":"https:\/\/chocolatecortes.com\/wp-content\/uploads\/2023\/01\/logo-cdirect-h.webp","contentUrl":"https:\/\/chocolatecortes.com\/wp-content\/uploads\/2023\/01\/logo-cdirect-h.webp","width":171,"height":67,"caption":"Chocolate Cort\u00e9s"},"image":{"@id":"https:\/\/chocolatecortes.com\/en\/#\/schema\/logo\/image\/"},"sameAs":["https:\/\/www.facebook.com\/chocolatecortespuertorico\/","https:\/\/www.instagram.com\/chocolatecortespr\/","https:\/\/www.youtube.com\/channel\/UC2jE-25Y9O1YPdSjIXn5tRw","https:\/\/www.tiktok.com\/@chocolatecortespr","https:\/\/www.linkedin.com\/company\/cortes-hermanos"]}]}},"_links":{"self":[{"href":"https:\/\/chocolatecortes.com\/en\/wp-json\/wp\/v2\/product\/4801","targetHints":{"allow":["GET"]}}],"collection":[{"href":"https:\/\/chocolatecortes.com\/en\/wp-json\/wp\/v2\/product"}],"about":[{"href":"https:\/\/chocolatecortes.com\/en\/wp-json\/wp\/v2\/types\/product"}],"wp:featuredmedia":[{"embeddable":true,"href":"https:\/\/chocolatecortes.com\/en\/wp-json\/wp\/v2\/media\/603"}],"wp:attachment":[{"href":"https:\/\/chocolatecortes.com\/en\/wp-json\/wp\/v2\/media?parent=4801"}],"wp:term":[{"taxonomy":"product_brand","embeddable":true,"href":"https:\/\/chocolatecortes.com\/en\/wp-json\/wp\/v2\/product_brand?post=4801"},{"taxonomy":"product_cat","embeddable":true,"href":"https:\/\/chocolatecortes.com\/en\/wp-json\/wp\/v2\/product_cat?post=4801"},{"taxonomy":"product_tag","embeddable":true,"href":"https:\/\/chocolatecortes.com\/en\/wp-json\/wp\/v2\/product_tag?post=4801"}],"curies":[{"name":"wp","href":"https:\/\/api.w.org\/{rel}","templated":true}]}}