{"id":810,"date":"2023-03-27T19:32:28","date_gmt":"2023-03-27T23:32:28","guid":{"rendered":"https:\/\/cortespr.wpengine.com\/?post_type=product&#038;p=810"},"modified":"2026-03-27T14:46:25","modified_gmt":"2026-03-27T18:46:25","slug":"cortes-minis","status":"publish","type":"product","link":"https:\/\/chocolatecortes.com\/en\/product\/cortes-minis\/","title":{"rendered":"Cort\u00e9s Minis"},"content":{"rendered":"<pre id=\"tw-target-text\" class=\"tw-data-text tw-text-large tw-ta\" dir=\"ltr\" data-placeholder=\"Translation\"><span class=\"Y2IQFc\" lang=\"en\">New Cort\u00e9s Minis. The great taste of Chocolate Cort\u00e9s in snack sizes.<\/span><\/pre>\n","protected":false},"excerpt":{"rendered":"<p>New Cort\u00e9s Minis. The great taste of Chocolate Cort\u00e9s in snack sizes.<\/p>\n","protected":false},"featured_media":3839,"template":"","meta":[],"product_brand":[],"product_cat":[69,17],"product_tag":[45],"class_list":{"0":"post-810","1":"product","2":"type-product","3":"status-publish","4":"has-post-thumbnail","6":"product_cat-candy","7":"product_cat-cortes-chocolates","8":"product_tag-premium-chocolate","10":"first","11":"instock","12":"taxable","13":"shipping-taxable","14":"purchasable","15":"product-type-variable"},"bundled_by":["2266","2756","2757"],"bundle_stock_status":"instock","bundle_stock_quantity":null,"bundle_virtual":false,"bundle_layout":"","bundle_add_to_cart_form_location":"","bundle_editable_in_cart":false,"bundle_sold_individually_context":"","bundle_item_grouping":"","bundle_min_size":"","bundle_max_size":"","bundle_price":[],"bundled_items":[],"bundle_sell_ids":[],"supplier_id":null,"supplier_sku":"","barcode":null,"atum_controlled":true,"out_stock_date":null,"out_stock_threshold":null,"inheritable":true,"inbound_stock":0,"stock_on_hold":0,"sold_today":0,"sales_last_days":2,"reserved_stock":0,"customer_returns":0,"warehouse_damage":0,"lost_in_post":0,"other_logs":0,"out_stock_days":0,"lost_sales":0,"has_location":false,"update_date":"2026-04-04T00:21:17","atum_locations":[],"atum_stock_status":"instock","restock_status":false,"low_stock_amount":"","sales_update_date":"2026-04-04T00:21:17","calc_backorders":null,"yoast_head":"<!-- This site is optimized with the Yoast SEO plugin v27.1.1 - https:\/\/yoast.com\/product\/yoast-seo-wordpress\/ -->\n<title>Cort\u00e9s Minis - Chocolate Cort\u00e9s<\/title>\n<meta name=\"robots\" content=\"index, follow, max-snippet:-1, max-image-preview:large, max-video-preview:-1\" \/>\n<link rel=\"canonical\" href=\"https:\/\/chocolatecortes.com\/en\/product\/cortes-minis\/\" \/>\n<meta property=\"og:locale\" content=\"en_US\" \/>\n<meta property=\"og:type\" content=\"article\" \/>\n<meta property=\"og:title\" content=\"Cort\u00e9s Minis - Chocolate Cort\u00e9s\" \/>\n<meta property=\"og:description\" content=\"New Cort\u00e9s Minis. The great taste of Chocolate Cort\u00e9s in snack sizes.\" \/>\n<meta property=\"og:url\" content=\"https:\/\/chocolatecortes.com\/en\/product\/cortes-minis\/\" \/>\n<meta property=\"og:site_name\" content=\"Chocolate Cort\u00e9s\" \/>\n<meta property=\"article:publisher\" content=\"https:\/\/www.facebook.com\/chocolatecortespuertorico\/\" \/>\n<meta property=\"article:modified_time\" content=\"2026-03-27T18:46:25+00:00\" \/>\n<meta property=\"og:image\" content=\"https:\/\/chocolatecortes.com\/wp-content\/uploads\/2023\/03\/Untitled-design-5.jpg\" \/>\n\t<meta property=\"og:image:width\" content=\"2000\" \/>\n\t<meta property=\"og:image:height\" content=\"2000\" \/>\n\t<meta property=\"og:image:type\" content=\"image\/jpeg\" \/>\n<meta name=\"twitter:card\" content=\"summary_large_image\" \/>\n<meta name=\"twitter:label1\" content=\"Est. reading time\" \/>\n\t<meta name=\"twitter:data1\" content=\"1 minute\" \/>\n<script type=\"application\/ld+json\" class=\"yoast-schema-graph\">{\"@context\":\"https:\/\/schema.org\",\"@graph\":[{\"@type\":\"WebPage\",\"@id\":\"https:\/\/chocolatecortes.com\/es\/producto\/cortes-minis\/\",\"url\":\"https:\/\/chocolatecortes.com\/es\/producto\/cortes-minis\/\",\"name\":\"Cort\u00e9s Minis - Chocolate Cort\u00e9s\",\"isPartOf\":{\"@id\":\"https:\/\/chocolatecortes.com\/en\/#website\"},\"primaryImageOfPage\":{\"@id\":\"https:\/\/chocolatecortes.com\/es\/producto\/cortes-minis\/#primaryimage\"},\"image\":{\"@id\":\"https:\/\/chocolatecortes.com\/es\/producto\/cortes-minis\/#primaryimage\"},\"thumbnailUrl\":\"https:\/\/chocolatecortes.com\/wp-content\/uploads\/2023\/03\/Untitled-design-5.jpg\",\"datePublished\":\"2023-03-27T23:32:28+00:00\",\"dateModified\":\"2026-03-27T18:46:25+00:00\",\"breadcrumb\":{\"@id\":\"https:\/\/chocolatecortes.com\/es\/producto\/cortes-minis\/#breadcrumb\"},\"inLanguage\":\"en-US\",\"potentialAction\":[{\"@type\":\"ReadAction\",\"target\":[\"https:\/\/chocolatecortes.com\/es\/producto\/cortes-minis\/\"]}]},{\"@type\":\"ImageObject\",\"inLanguage\":\"en-US\",\"@id\":\"https:\/\/chocolatecortes.com\/es\/producto\/cortes-minis\/#primaryimage\",\"url\":\"https:\/\/chocolatecortes.com\/wp-content\/uploads\/2023\/03\/Untitled-design-5.jpg\",\"contentUrl\":\"https:\/\/chocolatecortes.com\/wp-content\/uploads\/2023\/03\/Untitled-design-5.jpg\",\"width\":2000,\"height\":2000},{\"@type\":\"BreadcrumbList\",\"@id\":\"https:\/\/chocolatecortes.com\/es\/producto\/cortes-minis\/#breadcrumb\",\"itemListElement\":[{\"@type\":\"ListItem\",\"position\":1,\"name\":\"Home\",\"item\":\"https:\/\/chocolatecortes.com\/\"},{\"@type\":\"ListItem\",\"position\":2,\"name\":\"Shop\",\"item\":\"https:\/\/chocolatecortes.com\/es\/tienda\/\"},{\"@type\":\"ListItem\",\"position\":3,\"name\":\"Cort\u00e9s Minis\"}]},{\"@type\":\"WebSite\",\"@id\":\"https:\/\/chocolatecortes.com\/en\/#website\",\"url\":\"https:\/\/chocolatecortes.com\/en\/\",\"name\":\"Chocolate Cort\u00e9s\",\"description\":\"Rico Chocolate!\",\"publisher\":{\"@id\":\"https:\/\/chocolatecortes.com\/en\/#organization\"},\"potentialAction\":[{\"@type\":\"SearchAction\",\"target\":{\"@type\":\"EntryPoint\",\"urlTemplate\":\"https:\/\/chocolatecortes.com\/en\/?s={search_term_string}\"},\"query-input\":{\"@type\":\"PropertyValueSpecification\",\"valueRequired\":true,\"valueName\":\"search_term_string\"}}],\"inLanguage\":\"en-US\"},{\"@type\":\"Organization\",\"@id\":\"https:\/\/chocolatecortes.com\/en\/#organization\",\"name\":\"Chocolate Cort\u00e9s\",\"url\":\"https:\/\/chocolatecortes.com\/en\/\",\"logo\":{\"@type\":\"ImageObject\",\"inLanguage\":\"en-US\",\"@id\":\"https:\/\/chocolatecortes.com\/en\/#\/schema\/logo\/image\/\",\"url\":\"https:\/\/chocolatecortes.com\/wp-content\/uploads\/2023\/01\/logo-cdirect-h.webp\",\"contentUrl\":\"https:\/\/chocolatecortes.com\/wp-content\/uploads\/2023\/01\/logo-cdirect-h.webp\",\"width\":171,\"height\":67,\"caption\":\"Chocolate Cort\u00e9s\"},\"image\":{\"@id\":\"https:\/\/chocolatecortes.com\/en\/#\/schema\/logo\/image\/\"},\"sameAs\":[\"https:\/\/www.facebook.com\/chocolatecortespuertorico\/\",\"https:\/\/www.instagram.com\/chocolatecortespr\/\",\"https:\/\/www.youtube.com\/channel\/UC2jE-25Y9O1YPdSjIXn5tRw\",\"https:\/\/www.tiktok.com\/@chocolatecortespr\",\"https:\/\/www.linkedin.com\/company\/cortes-hermanos\"]}]}<\/script>\n<!-- \/ Yoast SEO plugin. -->","yoast_head_json":{"title":"Cort\u00e9s Minis - Chocolate Cort\u00e9s","robots":{"index":"index","follow":"follow","max-snippet":"max-snippet:-1","max-image-preview":"max-image-preview:large","max-video-preview":"max-video-preview:-1"},"canonical":"https:\/\/chocolatecortes.com\/en\/product\/cortes-minis\/","og_locale":"en_US","og_type":"article","og_title":"Cort\u00e9s Minis - Chocolate Cort\u00e9s","og_description":"New Cort\u00e9s Minis. The great taste of Chocolate Cort\u00e9s in snack sizes.","og_url":"https:\/\/chocolatecortes.com\/en\/product\/cortes-minis\/","og_site_name":"Chocolate Cort\u00e9s","article_publisher":"https:\/\/www.facebook.com\/chocolatecortespuertorico\/","article_modified_time":"2026-03-27T18:46:25+00:00","og_image":[{"width":2000,"height":2000,"url":"https:\/\/chocolatecortes.com\/wp-content\/uploads\/2023\/03\/Untitled-design-5.jpg","type":"image\/jpeg"}],"twitter_card":"summary_large_image","twitter_misc":{"Est. reading time":"1 minute"},"schema":{"@context":"https:\/\/schema.org","@graph":[{"@type":"WebPage","@id":"https:\/\/chocolatecortes.com\/es\/producto\/cortes-minis\/","url":"https:\/\/chocolatecortes.com\/es\/producto\/cortes-minis\/","name":"Cort\u00e9s Minis - Chocolate Cort\u00e9s","isPartOf":{"@id":"https:\/\/chocolatecortes.com\/en\/#website"},"primaryImageOfPage":{"@id":"https:\/\/chocolatecortes.com\/es\/producto\/cortes-minis\/#primaryimage"},"image":{"@id":"https:\/\/chocolatecortes.com\/es\/producto\/cortes-minis\/#primaryimage"},"thumbnailUrl":"https:\/\/chocolatecortes.com\/wp-content\/uploads\/2023\/03\/Untitled-design-5.jpg","datePublished":"2023-03-27T23:32:28+00:00","dateModified":"2026-03-27T18:46:25+00:00","breadcrumb":{"@id":"https:\/\/chocolatecortes.com\/es\/producto\/cortes-minis\/#breadcrumb"},"inLanguage":"en-US","potentialAction":[{"@type":"ReadAction","target":["https:\/\/chocolatecortes.com\/es\/producto\/cortes-minis\/"]}]},{"@type":"ImageObject","inLanguage":"en-US","@id":"https:\/\/chocolatecortes.com\/es\/producto\/cortes-minis\/#primaryimage","url":"https:\/\/chocolatecortes.com\/wp-content\/uploads\/2023\/03\/Untitled-design-5.jpg","contentUrl":"https:\/\/chocolatecortes.com\/wp-content\/uploads\/2023\/03\/Untitled-design-5.jpg","width":2000,"height":2000},{"@type":"BreadcrumbList","@id":"https:\/\/chocolatecortes.com\/es\/producto\/cortes-minis\/#breadcrumb","itemListElement":[{"@type":"ListItem","position":1,"name":"Home","item":"https:\/\/chocolatecortes.com\/"},{"@type":"ListItem","position":2,"name":"Shop","item":"https:\/\/chocolatecortes.com\/es\/tienda\/"},{"@type":"ListItem","position":3,"name":"Cort\u00e9s Minis"}]},{"@type":"WebSite","@id":"https:\/\/chocolatecortes.com\/en\/#website","url":"https:\/\/chocolatecortes.com\/en\/","name":"Chocolate Cort\u00e9s","description":"Rico Chocolate!","publisher":{"@id":"https:\/\/chocolatecortes.com\/en\/#organization"},"potentialAction":[{"@type":"SearchAction","target":{"@type":"EntryPoint","urlTemplate":"https:\/\/chocolatecortes.com\/en\/?s={search_term_string}"},"query-input":{"@type":"PropertyValueSpecification","valueRequired":true,"valueName":"search_term_string"}}],"inLanguage":"en-US"},{"@type":"Organization","@id":"https:\/\/chocolatecortes.com\/en\/#organization","name":"Chocolate Cort\u00e9s","url":"https:\/\/chocolatecortes.com\/en\/","logo":{"@type":"ImageObject","inLanguage":"en-US","@id":"https:\/\/chocolatecortes.com\/en\/#\/schema\/logo\/image\/","url":"https:\/\/chocolatecortes.com\/wp-content\/uploads\/2023\/01\/logo-cdirect-h.webp","contentUrl":"https:\/\/chocolatecortes.com\/wp-content\/uploads\/2023\/01\/logo-cdirect-h.webp","width":171,"height":67,"caption":"Chocolate Cort\u00e9s"},"image":{"@id":"https:\/\/chocolatecortes.com\/en\/#\/schema\/logo\/image\/"},"sameAs":["https:\/\/www.facebook.com\/chocolatecortespuertorico\/","https:\/\/www.instagram.com\/chocolatecortespr\/","https:\/\/www.youtube.com\/channel\/UC2jE-25Y9O1YPdSjIXn5tRw","https:\/\/www.tiktok.com\/@chocolatecortespr","https:\/\/www.linkedin.com\/company\/cortes-hermanos"]}]}},"_links":{"self":[{"href":"https:\/\/chocolatecortes.com\/en\/wp-json\/wp\/v2\/product\/810","targetHints":{"allow":["GET"]}}],"collection":[{"href":"https:\/\/chocolatecortes.com\/en\/wp-json\/wp\/v2\/product"}],"about":[{"href":"https:\/\/chocolatecortes.com\/en\/wp-json\/wp\/v2\/types\/product"}],"wp:featuredmedia":[{"embeddable":true,"href":"https:\/\/chocolatecortes.com\/en\/wp-json\/wp\/v2\/media\/3839"}],"wp:attachment":[{"href":"https:\/\/chocolatecortes.com\/en\/wp-json\/wp\/v2\/media?parent=810"}],"wp:term":[{"taxonomy":"product_brand","embeddable":true,"href":"https:\/\/chocolatecortes.com\/en\/wp-json\/wp\/v2\/product_brand?post=810"},{"taxonomy":"product_cat","embeddable":true,"href":"https:\/\/chocolatecortes.com\/en\/wp-json\/wp\/v2\/product_cat?post=810"},{"taxonomy":"product_tag","embeddable":true,"href":"https:\/\/chocolatecortes.com\/en\/wp-json\/wp\/v2\/product_tag?post=810"}],"curies":[{"name":"wp","href":"https:\/\/api.w.org\/{rel}","templated":true}]}}