{"id":1208,"date":"2023-04-03T09:19:03","date_gmt":"2023-04-03T13:19:03","guid":{"rendered":"https:\/\/cortespr.wpengine.com\/?post_type=product&#038;p=1208"},"modified":"2026-04-03T14:20:17","modified_gmt":"2026-04-03T18:20:17","slug":"handmade-chocolate-and-cocoa-cream","status":"publish","type":"product","link":"https:\/\/chocolatecortes.com\/es\/product\/handmade-chocolate-and-cocoa-cream\/","title":{"rendered":"Crema de Chocolate y Cacao Artesanal"},"content":{"rendered":"<div id=\"tw-target-text-container\" class=\"tw-ta-container F0azHf tw-nfl\">\n<div id=\"tw-target-text-container\" class=\"tw-ta-container F0azHf tw-nfl\">\n<div id=\"tw-target-text-container\" class=\"tw-ta-container F0azHf tw-nfl\">\n<div class=\"woocommerce-product-details__short-description\">\n<div class=\"woocommerce-product-details__short-description\">\n<pre id=\"tw-target-text\" class=\"tw-data-text tw-text-large tw-ta\" dir=\"ltr\" data-placeholder=\"Translation\"><span class=\"Y2IQFc\" lang=\"en\">Loci\u00f3n artesanal con manteca de cacao que dejar\u00e1 tu piel suave. Con ingredientes frescos y nutritivos tu piel estar\u00e1 siempre hidratada y perfumada. Puedes elegir con una fragancia de coco caribe\u00f1o o con un toque dulce de canela con avena.\n\n* Nuestros productos para el cuidado de la piel utilizan manteca de cacao grado alimenticio, la misma que se utiliza en nuestros productos tradicionales.<\/span><\/pre>\n<\/div>\n<\/div>\n<\/div>\n<\/div>\n<\/div>","protected":false},"excerpt":{"rendered":"<div id=\"tw-target-text-container\" class=\"tw-ta-container F0azHf tw-nfl\">\n<div id=\"tw-target-text-container\" class=\"tw-ta-container F0azHf tw-nfl\">\n<div class=\"woocommerce-product-details__short-description\">\n<pre id=\"tw-target-text\" class=\"tw-data-text tw-text-large tw-ta\" dir=\"ltr\" data-placeholder=\"Translation\"><span class=\"Y2IQFc\" lang=\"en\">Loci\u00f3n artesanal con manteca de cacao que dejar\u00e1 tu piel suave. Con ingredientes frescos y nutritivos tu piel estar\u00e1 siempre hidratada y perfumada. Puedes elegir con una fragancia de coco caribe\u00f1o o con un toque dulce de canela con avena.\n\n* Nuestros productos para el cuidado de la piel utilizan manteca de cacao grado alimenticio, la misma que se utiliza en nuestros productos tradicionales.<\/span><\/pre>\n<\/div>\n<\/div>\n<\/div>","protected":false},"featured_media":2244,"template":"","meta":[],"product_brand":[],"product_cat":[23,21,117],"product_tag":[],"class_list":{"0":"post-1208","1":"product","2":"type-product","3":"status-publish","4":"has-post-thumbnail","6":"product_cat-gift-ideas","7":"product_cat-accessories","8":"product_cat-soaps-and-lotions","10":"first","11":"instock","12":"taxable","13":"shipping-taxable","14":"purchasable","15":"product-type-variable"},"bundled_by":[],"bundle_stock_status":"instock","bundle_stock_quantity":null,"bundle_virtual":false,"bundle_layout":"","bundle_add_to_cart_form_location":"","bundle_editable_in_cart":false,"bundle_sold_individually_context":"","bundle_item_grouping":"","bundle_min_size":"","bundle_max_size":"","bundle_price":[],"bundled_items":[],"bundle_sell_ids":[],"supplier_id":null,"supplier_sku":"","barcode":null,"atum_controlled":true,"out_stock_date":null,"out_stock_threshold":null,"inheritable":true,"inbound_stock":0,"stock_on_hold":1,"sold_today":1,"sales_last_days":3,"reserved_stock":0,"customer_returns":0,"warehouse_damage":0,"lost_in_post":0,"other_logs":0,"out_stock_days":0,"lost_sales":0,"has_location":false,"update_date":"2026-04-03T18:20:19","atum_locations":[],"atum_stock_status":"instock","restock_status":false,"low_stock_amount":"","sales_update_date":"2026-04-03T00:20:56","calc_backorders":null,"yoast_head":"<!-- This site is optimized with the Yoast SEO plugin v27.1.1 - https:\/\/yoast.com\/product\/yoast-seo-wordpress\/ -->\n<title>Handmade Chocolate and Cocoa Cream - Chocolate Cort\u00e9s<\/title>\n<meta name=\"robots\" content=\"index, follow, max-snippet:-1, max-image-preview:large, max-video-preview:-1\" \/>\n<link rel=\"canonical\" href=\"https:\/\/chocolatecortes.com\/es\/producto\/handmade-chocolate-and-cocoa-cream\/\" \/>\n<meta property=\"og:locale\" content=\"es_ES\" \/>\n<meta property=\"og:type\" content=\"article\" \/>\n<meta property=\"og:title\" content=\"Handmade Chocolate and Cocoa Cream - Chocolate Cort\u00e9s\" \/>\n<meta property=\"og:description\" content=\"Handmade lotion with cocoa butter that will make your skin soft. With fresh and nutritious ingredients your skin will always be hydrated and perfumed. You can choose with a Caribbean coconut fragrance or with a sweet touch of cinnamon oats.  * Our skincare products use food grade cocoa butter, the same one used in our traditional products.\" \/>\n<meta property=\"og:url\" content=\"https:\/\/chocolatecortes.com\/es\/producto\/handmade-chocolate-and-cocoa-cream\/\" \/>\n<meta property=\"og:site_name\" content=\"Chocolate Cort\u00e9s\" \/>\n<meta property=\"article:publisher\" content=\"https:\/\/www.facebook.com\/chocolatecortespuertorico\/\" \/>\n<meta property=\"article:modified_time\" content=\"2026-04-03T18:20:17+00:00\" \/>\n<meta property=\"og:image\" content=\"https:\/\/chocolatecortes.com\/wp-content\/uploads\/2023\/04\/IMG_3928-scaled.jpg\" \/>\n\t<meta property=\"og:image:width\" content=\"2560\" \/>\n\t<meta property=\"og:image:height\" content=\"2560\" \/>\n\t<meta property=\"og:image:type\" content=\"image\/webp\" \/>\n<meta name=\"twitter:card\" content=\"summary_large_image\" \/>\n<meta name=\"twitter:label1\" content=\"Est. reading time\" \/>\n\t<meta name=\"twitter:data1\" content=\"1 minuto\" \/>\n<script type=\"application\/ld+json\" class=\"yoast-schema-graph\">{\"@context\":\"https:\/\/schema.org\",\"@graph\":[{\"@type\":\"WebPage\",\"@id\":\"https:\/\/chocolatecortes.com\/en\/product\/handmade-chocolate-and-cocoa-cream\/\",\"url\":\"https:\/\/chocolatecortes.com\/en\/product\/handmade-chocolate-and-cocoa-cream\/\",\"name\":\"Handmade Chocolate and Cocoa Cream - Chocolate Cort\u00e9s\",\"isPartOf\":{\"@id\":\"https:\/\/chocolatecortes.com\/en\/#website\"},\"primaryImageOfPage\":{\"@id\":\"https:\/\/chocolatecortes.com\/en\/product\/handmade-chocolate-and-cocoa-cream\/#primaryimage\"},\"image\":{\"@id\":\"https:\/\/chocolatecortes.com\/en\/product\/handmade-chocolate-and-cocoa-cream\/#primaryimage\"},\"thumbnailUrl\":\"https:\/\/chocolatecortes.com\/wp-content\/uploads\/2023\/04\/IMG_3928-scaled.jpg\",\"datePublished\":\"2023-04-03T13:19:03+00:00\",\"dateModified\":\"2026-04-03T18:20:17+00:00\",\"breadcrumb\":{\"@id\":\"https:\/\/chocolatecortes.com\/en\/product\/handmade-chocolate-and-cocoa-cream\/#breadcrumb\"},\"inLanguage\":\"es\",\"potentialAction\":[{\"@type\":\"ReadAction\",\"target\":[\"https:\/\/chocolatecortes.com\/en\/product\/handmade-chocolate-and-cocoa-cream\/\"]}]},{\"@type\":\"ImageObject\",\"inLanguage\":\"es\",\"@id\":\"https:\/\/chocolatecortes.com\/en\/product\/handmade-chocolate-and-cocoa-cream\/#primaryimage\",\"url\":\"https:\/\/chocolatecortes.com\/wp-content\/uploads\/2023\/04\/IMG_3928-scaled.jpg\",\"contentUrl\":\"https:\/\/chocolatecortes.com\/wp-content\/uploads\/2023\/04\/IMG_3928-scaled.jpg\",\"width\":2560,\"height\":2560},{\"@type\":\"BreadcrumbList\",\"@id\":\"https:\/\/chocolatecortes.com\/en\/product\/handmade-chocolate-and-cocoa-cream\/#breadcrumb\",\"itemListElement\":[{\"@type\":\"ListItem\",\"position\":1,\"name\":\"Home\",\"item\":\"https:\/\/chocolatecortes.com\/\"},{\"@type\":\"ListItem\",\"position\":2,\"name\":\"Shop\",\"item\":\"https:\/\/chocolatecortes.com\/es\/tienda\/\"},{\"@type\":\"ListItem\",\"position\":3,\"name\":\"Handmade Chocolate and Cocoa Cream\"}]},{\"@type\":\"WebSite\",\"@id\":\"https:\/\/chocolatecortes.com\/en\/#website\",\"url\":\"https:\/\/chocolatecortes.com\/en\/\",\"name\":\"Chocolate Cort\u00e9s\",\"description\":\"Rico Chocolate!\",\"publisher\":{\"@id\":\"https:\/\/chocolatecortes.com\/en\/#organization\"},\"potentialAction\":[{\"@type\":\"SearchAction\",\"target\":{\"@type\":\"EntryPoint\",\"urlTemplate\":\"https:\/\/chocolatecortes.com\/en\/?s={search_term_string}\"},\"query-input\":{\"@type\":\"PropertyValueSpecification\",\"valueRequired\":true,\"valueName\":\"search_term_string\"}}],\"inLanguage\":\"es\"},{\"@type\":\"Organization\",\"@id\":\"https:\/\/chocolatecortes.com\/en\/#organization\",\"name\":\"Chocolate Cort\u00e9s\",\"url\":\"https:\/\/chocolatecortes.com\/en\/\",\"logo\":{\"@type\":\"ImageObject\",\"inLanguage\":\"es\",\"@id\":\"https:\/\/chocolatecortes.com\/en\/#\/schema\/logo\/image\/\",\"url\":\"https:\/\/chocolatecortes.com\/wp-content\/uploads\/2023\/01\/logo-cdirect-h.webp\",\"contentUrl\":\"https:\/\/chocolatecortes.com\/wp-content\/uploads\/2023\/01\/logo-cdirect-h.webp\",\"width\":171,\"height\":67,\"caption\":\"Chocolate Cort\u00e9s\"},\"image\":{\"@id\":\"https:\/\/chocolatecortes.com\/en\/#\/schema\/logo\/image\/\"},\"sameAs\":[\"https:\/\/www.facebook.com\/chocolatecortespuertorico\/\",\"https:\/\/www.instagram.com\/chocolatecortespr\/\",\"https:\/\/www.youtube.com\/channel\/UC2jE-25Y9O1YPdSjIXn5tRw\",\"https:\/\/www.tiktok.com\/@chocolatecortespr\",\"https:\/\/www.linkedin.com\/company\/cortes-hermanos\"]}]}<\/script>\n<!-- \/ Yoast SEO plugin. -->","yoast_head_json":{"title":"Handmade Chocolate and Cocoa Cream - Chocolate Cort\u00e9s","robots":{"index":"index","follow":"follow","max-snippet":"max-snippet:-1","max-image-preview":"max-image-preview:large","max-video-preview":"max-video-preview:-1"},"canonical":"https:\/\/chocolatecortes.com\/es\/producto\/handmade-chocolate-and-cocoa-cream\/","og_locale":"es_ES","og_type":"article","og_title":"Handmade Chocolate and Cocoa Cream - Chocolate Cort\u00e9s","og_description":"Handmade lotion with cocoa butter that will make your skin soft. With fresh and nutritious ingredients your skin will always be hydrated and perfumed. You can choose with a Caribbean coconut fragrance or with a sweet touch of cinnamon oats.  * Our skincare products use food grade cocoa butter, the same one used in our traditional products.","og_url":"https:\/\/chocolatecortes.com\/es\/producto\/handmade-chocolate-and-cocoa-cream\/","og_site_name":"Chocolate Cort\u00e9s","article_publisher":"https:\/\/www.facebook.com\/chocolatecortespuertorico\/","article_modified_time":"2026-04-03T18:20:17+00:00","og_image":[{"width":2560,"height":2560,"url":"https:\/\/chocolatecortes.com\/wp-content\/uploads\/2023\/04\/IMG_3928-scaled.jpg","type":"image\/webp"}],"twitter_card":"summary_large_image","twitter_misc":{"Est. reading time":"1 minuto"},"schema":{"@context":"https:\/\/schema.org","@graph":[{"@type":"WebPage","@id":"https:\/\/chocolatecortes.com\/en\/product\/handmade-chocolate-and-cocoa-cream\/","url":"https:\/\/chocolatecortes.com\/en\/product\/handmade-chocolate-and-cocoa-cream\/","name":"Handmade Chocolate and Cocoa Cream - Chocolate Cort\u00e9s","isPartOf":{"@id":"https:\/\/chocolatecortes.com\/en\/#website"},"primaryImageOfPage":{"@id":"https:\/\/chocolatecortes.com\/en\/product\/handmade-chocolate-and-cocoa-cream\/#primaryimage"},"image":{"@id":"https:\/\/chocolatecortes.com\/en\/product\/handmade-chocolate-and-cocoa-cream\/#primaryimage"},"thumbnailUrl":"https:\/\/chocolatecortes.com\/wp-content\/uploads\/2023\/04\/IMG_3928-scaled.jpg","datePublished":"2023-04-03T13:19:03+00:00","dateModified":"2026-04-03T18:20:17+00:00","breadcrumb":{"@id":"https:\/\/chocolatecortes.com\/en\/product\/handmade-chocolate-and-cocoa-cream\/#breadcrumb"},"inLanguage":"es","potentialAction":[{"@type":"ReadAction","target":["https:\/\/chocolatecortes.com\/en\/product\/handmade-chocolate-and-cocoa-cream\/"]}]},{"@type":"ImageObject","inLanguage":"es","@id":"https:\/\/chocolatecortes.com\/en\/product\/handmade-chocolate-and-cocoa-cream\/#primaryimage","url":"https:\/\/chocolatecortes.com\/wp-content\/uploads\/2023\/04\/IMG_3928-scaled.jpg","contentUrl":"https:\/\/chocolatecortes.com\/wp-content\/uploads\/2023\/04\/IMG_3928-scaled.jpg","width":2560,"height":2560},{"@type":"BreadcrumbList","@id":"https:\/\/chocolatecortes.com\/en\/product\/handmade-chocolate-and-cocoa-cream\/#breadcrumb","itemListElement":[{"@type":"ListItem","position":1,"name":"Home","item":"https:\/\/chocolatecortes.com\/"},{"@type":"ListItem","position":2,"name":"Shop","item":"https:\/\/chocolatecortes.com\/es\/tienda\/"},{"@type":"ListItem","position":3,"name":"Handmade Chocolate and Cocoa Cream"}]},{"@type":"WebSite","@id":"https:\/\/chocolatecortes.com\/en\/#website","url":"https:\/\/chocolatecortes.com\/en\/","name":"Chocolate Cort\u00e9s","description":"Rico Chocolate!","publisher":{"@id":"https:\/\/chocolatecortes.com\/en\/#organization"},"potentialAction":[{"@type":"SearchAction","target":{"@type":"EntryPoint","urlTemplate":"https:\/\/chocolatecortes.com\/en\/?s={search_term_string}"},"query-input":{"@type":"PropertyValueSpecification","valueRequired":true,"valueName":"search_term_string"}}],"inLanguage":"es"},{"@type":"Organization","@id":"https:\/\/chocolatecortes.com\/en\/#organization","name":"Chocolate Cort\u00e9s","url":"https:\/\/chocolatecortes.com\/en\/","logo":{"@type":"ImageObject","inLanguage":"es","@id":"https:\/\/chocolatecortes.com\/en\/#\/schema\/logo\/image\/","url":"https:\/\/chocolatecortes.com\/wp-content\/uploads\/2023\/01\/logo-cdirect-h.webp","contentUrl":"https:\/\/chocolatecortes.com\/wp-content\/uploads\/2023\/01\/logo-cdirect-h.webp","width":171,"height":67,"caption":"Chocolate Cort\u00e9s"},"image":{"@id":"https:\/\/chocolatecortes.com\/en\/#\/schema\/logo\/image\/"},"sameAs":["https:\/\/www.facebook.com\/chocolatecortespuertorico\/","https:\/\/www.instagram.com\/chocolatecortespr\/","https:\/\/www.youtube.com\/channel\/UC2jE-25Y9O1YPdSjIXn5tRw","https:\/\/www.tiktok.com\/@chocolatecortespr","https:\/\/www.linkedin.com\/company\/cortes-hermanos"]}]}},"_links":{"self":[{"href":"https:\/\/chocolatecortes.com\/es\/wp-json\/wp\/v2\/product\/1208","targetHints":{"allow":["GET"]}}],"collection":[{"href":"https:\/\/chocolatecortes.com\/es\/wp-json\/wp\/v2\/product"}],"about":[{"href":"https:\/\/chocolatecortes.com\/es\/wp-json\/wp\/v2\/types\/product"}],"wp:featuredmedia":[{"embeddable":true,"href":"https:\/\/chocolatecortes.com\/es\/wp-json\/wp\/v2\/media\/2244"}],"wp:attachment":[{"href":"https:\/\/chocolatecortes.com\/es\/wp-json\/wp\/v2\/media?parent=1208"}],"wp:term":[{"taxonomy":"product_brand","embeddable":true,"href":"https:\/\/chocolatecortes.com\/es\/wp-json\/wp\/v2\/product_brand?post=1208"},{"taxonomy":"product_cat","embeddable":true,"href":"https:\/\/chocolatecortes.com\/es\/wp-json\/wp\/v2\/product_cat?post=1208"},{"taxonomy":"product_tag","embeddable":true,"href":"https:\/\/chocolatecortes.com\/es\/wp-json\/wp\/v2\/product_tag?post=1208"}],"curies":[{"name":"wp","href":"https:\/\/api.w.org\/{rel}","templated":true}]}}